{"id":53,"date":"2022-04-18T21:21:57","date_gmt":"2022-04-18T21:21:57","guid":{"rendered":"https:\/\/duckersteddyboy.hu\/?page_id=53"},"modified":"2022-04-21T12:58:20","modified_gmt":"2022-04-21T12:58:20","slug":"rolunk","status":"publish","type":"page","link":"https:\/\/duckersteddyboy.hu\/index.php\/rolunk\/","title":{"rendered":"R\u00f3lunk"},"content":{"rendered":"\t\t<div data-elementor-type=\"wp-page\" data-elementor-id=\"53\" class=\"elementor elementor-53\">\n\t\t\t\t\t\t\t\t\t<section class=\"elementor-section elementor-top-section elementor-element elementor-element-56b2d5f4 elementor-section-content-top elementor-section-height-min-height elementor-section-items-top elementor-section-stretched elementor-section-full_width elementor-section-height-default\" data-id=\"56b2d5f4\" data-element_type=\"section\" data-settings=\"{&quot;background_background&quot;:&quot;classic&quot;,&quot;stretch_section&quot;:&quot;section-stretched&quot;}\">\n\t\t\t\t\t\t<div class=\"elementor-container elementor-column-gap-no\">\n\t\t\t\t\t<div class=\"elementor-column elementor-col-100 elementor-top-column elementor-element elementor-element-4744605e\" data-id=\"4744605e\" data-element_type=\"column\">\n\t\t\t<div class=\"elementor-widget-wrap elementor-element-populated\">\n\t\t\t\t\t\t\t\t<div class=\"elementor-element elementor-element-2df89e26 elementor-widget elementor-widget-image\" data-id=\"2df89e26\" data-element_type=\"widget\" data-widget_type=\"image.default\">\n\t\t\t\t<div class=\"elementor-widget-container\">\n\t\t\t<style>\/*! elementor - v3.6.4 - 13-04-2022 *\/\n.elementor-widget-image{text-align:center}.elementor-widget-image a{display:inline-block}.elementor-widget-image a img[src$=\".svg\"]{width:48px}.elementor-widget-image img{vertical-align:middle;display:inline-block}<\/style>\t\t\t\t\t\t\t\t\t\t\t\t\t<a href=\"https:\/\/duckersteddyboy.hu\/r\u00f3lunk\">\n\t\t\t\t\t\t\t<img width=\"2560\" height=\"1707\" src=\"https:\/\/duckersteddyboy.hu\/wp-content\/uploads\/2022\/04\/DUCKERS-CSOPORT-1-scaled.jpg\" class=\"attachment-full size-full\" alt=\"\" loading=\"lazy\" srcset=\"https:\/\/duckersteddyboy.hu\/wp-content\/uploads\/2022\/04\/DUCKERS-CSOPORT-1-scaled.jpg 2560w, https:\/\/duckersteddyboy.hu\/wp-content\/uploads\/2022\/04\/DUCKERS-CSOPORT-1-300x200.jpg 300w, https:\/\/duckersteddyboy.hu\/wp-content\/uploads\/2022\/04\/DUCKERS-CSOPORT-1-1024x683.jpg 1024w, https:\/\/duckersteddyboy.hu\/wp-content\/uploads\/2022\/04\/DUCKERS-CSOPORT-1-768x512.jpg 768w, https:\/\/duckersteddyboy.hu\/wp-content\/uploads\/2022\/04\/DUCKERS-CSOPORT-1-1536x1024.jpg 1536w, https:\/\/duckersteddyboy.hu\/wp-content\/uploads\/2022\/04\/DUCKERS-CSOPORT-1-2048x1365.jpg 2048w\" sizes=\"(max-width: 2560px) 100vw, 2560px\" \/>\t\t\t\t\t\t\t\t<\/a>\n\t\t\t\t\t\t\t\t\t\t\t\t\t\t\t<\/div>\n\t\t\t\t<\/div>\n\t\t\t\t<div class=\"elementor-element elementor-element-28350d1 elementor-widget elementor-widget-heading\" data-id=\"28350d1\" data-element_type=\"widget\" data-widget_type=\"heading.default\">\n\t\t\t\t<div class=\"elementor-widget-container\">\n\t\t\t<style>\/*! elementor - v3.6.4 - 13-04-2022 *\/\n.elementor-heading-title{padding:0;margin:0;line-height:1}.elementor-widget-heading .elementor-heading-title[class*=elementor-size-]>a{color:inherit;font-size:inherit;line-height:inherit}.elementor-widget-heading .elementor-heading-title.elementor-size-small{font-size:15px}.elementor-widget-heading .elementor-heading-title.elementor-size-medium{font-size:19px}.elementor-widget-heading .elementor-heading-title.elementor-size-large{font-size:29px}.elementor-widget-heading .elementor-heading-title.elementor-size-xl{font-size:39px}.elementor-widget-heading .elementor-heading-title.elementor-size-xxl{font-size:59px}<\/style><h3 class=\"elementor-heading-title elementor-size-default\"><a href=\"https:\/\/duckersteddyboy.hu\/r\u00f3lunk\">Bemutatkozunk:)<\/a><\/h3>\t\t<\/div>\n\t\t\t\t<\/div>\n\t\t\t\t<div class=\"elementor-element elementor-element-48dd2e27 elementor-widget elementor-widget-text-editor\" data-id=\"48dd2e27\" data-element_type=\"widget\" data-widget_type=\"text-editor.default\">\n\t\t\t\t<div class=\"elementor-widget-container\">\n\t\t\t<style>\/*! elementor - v3.6.4 - 13-04-2022 *\/\n.elementor-widget-text-editor.elementor-drop-cap-view-stacked .elementor-drop-cap{background-color:#818a91;color:#fff}.elementor-widget-text-editor.elementor-drop-cap-view-framed .elementor-drop-cap{color:#818a91;border:3px solid;background-color:transparent}.elementor-widget-text-editor:not(.elementor-drop-cap-view-default) .elementor-drop-cap{margin-top:8px}.elementor-widget-text-editor:not(.elementor-drop-cap-view-default) .elementor-drop-cap-letter{width:1em;height:1em}.elementor-widget-text-editor .elementor-drop-cap{float:left;text-align:center;line-height:1;font-size:50px}.elementor-widget-text-editor .elementor-drop-cap-letter{display:inline-block}<\/style>\t\t\t\t\t\t\t\t\t\t<\/div>\n\t\t\t\t<\/div>\n\t\t\t\t<section class=\"elementor-section elementor-inner-section elementor-element elementor-element-597a942b elementor-section-boxed elementor-section-height-default elementor-section-height-default\" data-id=\"597a942b\" data-element_type=\"section\">\n\t\t\t\t\t\t<div class=\"elementor-container elementor-column-gap-default\">\n\t\t\t\t\t<div class=\"elementor-column elementor-col-100 elementor-inner-column elementor-element elementor-element-1fcaba67\" data-id=\"1fcaba67\" data-element_type=\"column\">\n\t\t\t<div class=\"elementor-widget-wrap elementor-element-populated\">\n\t\t\t\t\t\t\t\t<div class=\"elementor-element elementor-element-3b1e7113 elementor-widget elementor-widget-text-editor\" data-id=\"3b1e7113\" data-element_type=\"widget\" data-widget_type=\"text-editor.default\">\n\t\t\t\t<div class=\"elementor-widget-container\">\n\t\t\t\t\t\t\t<p>A Duckers 2008 \u00e9v v\u00e9g\u00e9n alakult \u00e9s 2009 \u00f3ta m\u0171k\u00f6dik akt\u00edvan. F\u0151leg 50-es, 60-as \u00e9vek el\u0151ad\u00f3it\u00f3l j\u00e1tszunk rockabilly, teddy boy rock &amp; roll dalokat, de emellett k\u00e9s\u0151bbi neo-rockabilly \u00e9s saj\u00e1t sz\u00e1mokat is el\u0151adunk . A zenekar igen ritka m\u0171fajt k\u00e9pvisel Magyarorsz\u00e1gon, mivel nagyon sok teddy boy rock &amp; roll sz\u00e1m van a reperto\u00e1rj\u00e1ban. Err\u0151l a szubkult\u00far\u00e1r\u00f3l azt kell tudni, hogy nagyj\u00e1b\u00f3l akkor indult \u00fatj\u00e1ra mikor Amerik\u00e1ban elkezd\u0151d\u00f6tt a rock &amp; roll \u0151r\u00fclet, ezzel egyid\u0151ben Angli\u00e1ban hasonl\u00f3k\u00e9ppen l\u00e1zadtak a fiatalok \u00e9s megsz\u00fcletett a teddy boy rock &amp; roll. A k\u00e9t m\u0171faj el\u00e9g hasonl\u00f3, n\u00e9h\u00e1ny st\u00edlusjegy\u00e9ben elt\u00e9r\u0151, de napjainkra el\u00e9gg\u00e9 \u00f6sszeolvadtak. Zenekarok akik hat\u00e1ssal voltak \u00e9s vannak munk\u00e1ss\u00e1gunkra : Eddie Cochran, Crazy Cavan, Ronnie Nightingale And The Haydocks, Foggy Mountain Rockers, Francine, Matchbox, Restless, Boppers, Batmobile, The Tin Cans, Stray Cats stb. 2019 -ben k\u00e9sz\u00fclt el els\u0151 feldolgoz\u00e1sb\u00f3l \u00e1ll\u00f3 lemez\u00fcnk \u00e9s id\u00e9n 2022 tavasz\u00e1n v\u00e1rhat\u00f3an a m\u00e1sodik, m\u00e1r saj\u00e1t sz\u00e1mokb\u00f3l \u00e1ll\u00f3 albumunk is megjelenik. Akik elj\u00f6nnek a koncertjeinkre garant\u00e1ltan t\u00e1ncra perd\u00fclnek a zakatol\u00f3s teddy boy rock &amp; rollra \u00e9s rockabillyre.<br><\/p>\n<p><span style=\"font-size: 16px;\">A zenekar tagjai :&nbsp;<\/span><\/p>\n<p><span style=\"font-size: 16px;\">Mihalecz Gy\u00f6rgy &#8220;Gyurci&#8221; &#8211; \u00e9nek<br><\/span><span style=\"font-size: 16px;\">Kasza G\u00e1bor &#8220;Kajszi&#8221; &#8211; git\u00e1r<br><\/span><span style=\"font-size: 16px;\">Mihalecz Zolt\u00e1n &#8220;Finu&#8221;-&nbsp;<\/span><span style=\"font-size: 16px;\">ritmusgit\u00e1r<br><\/span><span style=\"font-size: 16px;\">Aradi G\u00e1bor&#8221;Apusy&#8221; &#8211; nagyb\u0151g\u0151<br><\/span><span style=\"font-size: 16px;\">Schiffler Gy\u00f6rgy &#8220;Lufi&#8221; &#8211; dobok<\/span><\/p>\t\t\t\t\t\t<\/div>\n\t\t\t\t<\/div>\n\t\t\t\t\t<\/div>\n\t\t<\/div>\n\t\t\t\t\t\t\t<\/div>\n\t\t<\/section>\n\t\t\t\t\t<\/div>\n\t\t<\/div>\n\t\t\t\t\t\t\t<\/div>\n\t\t<\/section>\n\t\t\t\t\t\t\t<\/div>\n\t\t","protected":false},"excerpt":{"rendered":"<p>Bemutatkozunk:) A Duckers 2008 \u00e9v v\u00e9g\u00e9n alakult \u00e9s 2009 \u00f3ta m\u0171k\u00f6dik akt\u00edvan. F\u0151leg 50-es, 60-as \u00e9vek el\u0151ad\u00f3it\u00f3l j\u00e1tszunk rockabilly, teddy boy rock &amp; roll dalokat, de emellett k\u00e9s\u0151bbi neo-rockabilly \u00e9s saj\u00e1t sz\u00e1mokat is el\u0151adunk . A zenekar igen ritka m\u0171fajt k\u00e9pvisel Magyarorsz\u00e1gon, mivel nagyon sok teddy boy rock &amp; roll sz\u00e1m van a reperto\u00e1rj\u00e1ban. Err\u0151l [&hellip;]<\/p>\n","protected":false},"author":1,"featured_media":0,"parent":0,"menu_order":0,"comment_status":"closed","ping_status":"closed","template":"","meta":[],"_links":{"self":[{"href":"https:\/\/duckersteddyboy.hu\/index.php\/wp-json\/wp\/v2\/pages\/53"}],"collection":[{"href":"https:\/\/duckersteddyboy.hu\/index.php\/wp-json\/wp\/v2\/pages"}],"about":[{"href":"https:\/\/duckersteddyboy.hu\/index.php\/wp-json\/wp\/v2\/types\/page"}],"author":[{"embeddable":true,"href":"https:\/\/duckersteddyboy.hu\/index.php\/wp-json\/wp\/v2\/users\/1"}],"replies":[{"embeddable":true,"href":"https:\/\/duckersteddyboy.hu\/index.php\/wp-json\/wp\/v2\/comments?post=53"}],"version-history":[{"count":119,"href":"https:\/\/duckersteddyboy.hu\/index.php\/wp-json\/wp\/v2\/pages\/53\/revisions"}],"predecessor-version":[{"id":335,"href":"https:\/\/duckersteddyboy.hu\/index.php\/wp-json\/wp\/v2\/pages\/53\/revisions\/335"}],"wp:attachment":[{"href":"https:\/\/duckersteddyboy.hu\/index.php\/wp-json\/wp\/v2\/media?parent=53"}],"curies":[{"name":"wp","href":"https:\/\/api.w.org\/{rel}","templated":true}]}}